{"id":285,"date":"2022-03-30T12:27:00","date_gmt":"2022-03-30T12:27:00","guid":{"rendered":"https:\/\/aeimtc.es\/index.php\/libros-o-capitulos-copy\/"},"modified":"2022-06-16T10:54:42","modified_gmt":"2022-06-16T10:54:42","slug":"actas","status":"publish","type":"page","link":"https:\/\/aeimtc.es\/index.php\/actas\/","title":{"rendered":"Actas"},"content":{"rendered":"<p>[et_pb_section fb_built=&#8221;1&#8243; admin_label=&#8221;section&#8221; _builder_version=&#8221;4.16&#8243; global_colors_info=&#8221;{}&#8221;][et_pb_row _builder_version=&#8221;4.17.4&#8243; _module_preset=&#8221;default&#8221; column_structure=&#8221;1_5,1_5,1_5,1_5,1_5&#8243; custom_padding=&#8221;9px|||||&#8221; hover_enabled=&#8221;0&#8243; sticky_enabled=&#8221;0&#8243;][et_pb_column _builder_version=&#8221;4.17.4&#8243; _module_preset=&#8221;default&#8221; type=&#8221;1_5&#8243;][et_pb_image src=&#8221;https:\/\/aeimtc.es\/wp-content\/uploads\/2022\/06\/PDF-Imagen.jpeg&#8221; _builder_version=&#8221;4.17.4&#8243; _module_preset=&#8221;default&#8221; title_text=&#8221;PDF Imagen&#8221; hover_enabled=&#8221;0&#8243; sticky_enabled=&#8221;0&#8243; url=&#8221;https:\/\/aeimtc.es\/wp-content\/uploads\/2022\/06\/Acta-Asamblea-General-11.01.2021.pdf&#8221; url_new_window=&#8221;on&#8221;][\/et_pb_image][et_pb_button button_text=&#8221;ACTA ASAMBLEA 11\/01\/2021&#8243; _builder_version=&#8221;4.17.4&#8243; _module_preset=&#8221;default&#8221; button_url=&#8221;https:\/\/aeimtc.es\/wp-content\/uploads\/2022\/06\/Acta-Asamblea-General-11.01.2021.pdf&#8221; url_new_window=&#8221;on&#8221; hover_enabled=&#8221;0&#8243; sticky_enabled=&#8221;0&#8243;][\/et_pb_button][\/et_pb_column][et_pb_column _builder_version=&#8221;4.17.4&#8243; _module_preset=&#8221;default&#8221; type=&#8221;1_5&#8243;][et_pb_image src=&#8221;https:\/\/aeimtc.es\/wp-content\/uploads\/2022\/06\/PDF-Imagen.jpeg&#8221; _builder_version=&#8221;4.17.4&#8243; _module_preset=&#8221;default&#8221; title_text=&#8221;PDF Imagen&#8221; hover_enabled=&#8221;0&#8243; sticky_enabled=&#8221;0&#8243; url=&#8221;https:\/\/aeimtc.es\/wp-content\/uploads\/2022\/06\/Acta-Asamblea-General-1.07.2020.pdf&#8221; url_new_window=&#8221;on&#8221;][\/et_pb_image][et_pb_button button_text=&#8221;ACTA ASAMBLEA 01\/07\/2020&#8243; _builder_version=&#8221;4.17.4&#8243; _module_preset=&#8221;default&#8221; button_url=&#8221;https:\/\/aeimtc.es\/wp-content\/uploads\/2022\/06\/Acta-Asamblea-General-1.07.2020.pdf&#8221; url_new_window=&#8221;on&#8221; hover_enabled=&#8221;0&#8243; sticky_enabled=&#8221;0&#8243;][\/et_pb_button][\/et_pb_column][et_pb_column _builder_version=&#8221;4.17.4&#8243; _module_preset=&#8221;default&#8221; type=&#8221;1_5&#8243;][et_pb_image src=&#8221;https:\/\/aeimtc.es\/wp-content\/uploads\/2022\/06\/PDF-Imagen.jpeg&#8221; _builder_version=&#8221;4.17.4&#8243; _module_preset=&#8221;default&#8221; title_text=&#8221;PDF Imagen&#8221; url=&#8221;https:\/\/aeimtc.es\/wp-content\/uploads\/2022\/06\/Acta-Asamblea-General-14.09.2019.pdf&#8221; url_new_window=&#8221;on&#8221; hover_enabled=&#8221;0&#8243; sticky_enabled=&#8221;0&#8243;][\/et_pb_image][et_pb_button button_text=&#8221;ACTA ASAMBLEA 14\/09\/2019&#8243; _builder_version=&#8221;4.17.4&#8243; _module_preset=&#8221;default&#8221; button_url=&#8221;https:\/\/aeimtc.es\/wp-content\/uploads\/2022\/06\/Acta-Asamblea-General-14.09.2019.pdf&#8221; url_new_window=&#8221;on&#8221; hover_enabled=&#8221;0&#8243; sticky_enabled=&#8221;0&#8243;][\/et_pb_button][\/et_pb_column][et_pb_column _builder_version=&#8221;4.17.4&#8243; _module_preset=&#8221;default&#8221; type=&#8221;1_5&#8243;][et_pb_image src=&#8221;https:\/\/aeimtc.es\/wp-content\/uploads\/2022\/06\/PDF-Imagen.jpeg&#8221; _builder_version=&#8221;4.17.4&#8243; _module_preset=&#8221;default&#8221; title_text=&#8221;PDF Imagen&#8221; url=&#8221;https:\/\/aeimtc.es\/wp-content\/uploads\/2022\/06\/Acta-Asamblea-General-1.07.2018.pdf&#8221; url_new_window=&#8221;on&#8221; hover_enabled=&#8221;0&#8243; sticky_enabled=&#8221;0&#8243;][\/et_pb_image][et_pb_button button_text=&#8221;ACTA ASAMBLEA 01\/07\/2018&#8243; _builder_version=&#8221;4.17.4&#8243; _module_preset=&#8221;default&#8221; button_url=&#8221;https:\/\/aeimtc.es\/wp-content\/uploads\/2022\/06\/Acta-Asamblea-General-1.07.2018.pdf&#8221; url_new_window=&#8221;on&#8221; hover_enabled=&#8221;0&#8243; sticky_enabled=&#8221;0&#8243;][\/et_pb_button][\/et_pb_column][et_pb_column _builder_version=&#8221;4.17.4&#8243; _module_preset=&#8221;default&#8221; type=&#8221;1_5&#8243;][et_pb_image src=&#8221;https:\/\/aeimtc.es\/wp-content\/uploads\/2022\/06\/PDF-Imagen.jpeg&#8221; _builder_version=&#8221;4.17.4&#8243; _module_preset=&#8221;default&#8221; title_text=&#8221;PDF Imagen&#8221; url=&#8221;https:\/\/aeimtc.es\/wp-content\/uploads\/2022\/06\/Acta-Asamblea-General-2.07.2017.pdf&#8221; url_new_window=&#8221;on&#8221; hover_enabled=&#8221;0&#8243; sticky_enabled=&#8221;0&#8243;][\/et_pb_image][et_pb_button button_text=&#8221;ACTA ASAMBLEA 02\/07\/2017&#8243; _builder_version=&#8221;4.17.4&#8243; _module_preset=&#8221;default&#8221; button_url=&#8221;https:\/\/aeimtc.es\/wp-content\/uploads\/2022\/06\/Acta-Asamblea-General-2.07.2017.pdf&#8221; url_new_window=&#8221;on&#8221; hover_enabled=&#8221;0&#8243; sticky_enabled=&#8221;0&#8243;][\/et_pb_button][\/et_pb_column][\/et_pb_row][et_pb_row _builder_version=&#8221;4.17.4&#8243; _module_preset=&#8221;default&#8221; column_structure=&#8221;1_5,1_5,1_5,1_5,1_5&#8243; custom_padding=&#8221;9px|||||&#8221; hover_enabled=&#8221;0&#8243; sticky_enabled=&#8221;0&#8243;][et_pb_column _builder_version=&#8221;4.17.4&#8243; _module_preset=&#8221;default&#8221; type=&#8221;1_5&#8243;][et_pb_image src=&#8221;https:\/\/aeimtc.es\/wp-content\/uploads\/2022\/06\/PDF-Imagen.jpeg&#8221; _builder_version=&#8221;4.17.4&#8243; _module_preset=&#8221;default&#8221; title_text=&#8221;PDF Imagen&#8221; hover_enabled=&#8221;0&#8243; sticky_enabled=&#8221;0&#8243; url=&#8221;https:\/\/aeimtc.es\/wp-content\/uploads\/2022\/06\/Acta-Asamblea-General-11.07.2016.pdf&#8221; url_new_window=&#8221;on&#8221;][\/et_pb_image][et_pb_button button_text=&#8221;ACTA ASAMBLEA 11\/07\/2016&#8243; _builder_version=&#8221;4.17.4&#8243; _module_preset=&#8221;default&#8221; button_url=&#8221;https:\/\/aeimtc.es\/wp-content\/uploads\/2022\/06\/Acta-Asamblea-General-11.07.2016.pdf&#8221; url_new_window=&#8221;on&#8221; hover_enabled=&#8221;0&#8243; sticky_enabled=&#8221;0&#8243;][\/et_pb_button][\/et_pb_column][et_pb_column _builder_version=&#8221;4.17.4&#8243; _module_preset=&#8221;default&#8221; type=&#8221;1_5&#8243;][et_pb_image src=&#8221;https:\/\/aeimtc.es\/wp-content\/uploads\/2022\/06\/PDF-Imagen.jpeg&#8221; _builder_version=&#8221;4.17.4&#8243; _module_preset=&#8221;default&#8221; title_text=&#8221;PDF Imagen&#8221; hover_enabled=&#8221;0&#8243; sticky_enabled=&#8221;0&#8243; url=&#8221;https:\/\/aeimtc.es\/wp-content\/uploads\/2022\/06\/Acta-Asamblea-General_estatutos_02.12.2015.pdf&#8221; url_new_window=&#8221;on&#8221;][\/et_pb_image][et_pb_button button_text=&#8221;ACTA ASAMBLEA 02\/12\/2015&#8243; _builder_version=&#8221;4.17.4&#8243; _module_preset=&#8221;default&#8221; button_url=&#8221;https:\/\/aeimtc.es\/wp-content\/uploads\/2022\/06\/Acta-Asamblea-General_estatutos_02.12.2015.pdf&#8221; url_new_window=&#8221;on&#8221; hover_enabled=&#8221;0&#8243; sticky_enabled=&#8221;0&#8243;][\/et_pb_button][\/et_pb_column][et_pb_column _builder_version=&#8221;4.17.4&#8243; _module_preset=&#8221;default&#8221; type=&#8221;1_5&#8243;][\/et_pb_column][et_pb_column _builder_version=&#8221;4.17.4&#8243; _module_preset=&#8221;default&#8221; type=&#8221;1_5&#8243;][\/et_pb_column][et_pb_column _builder_version=&#8221;4.17.4&#8243; _module_preset=&#8221;default&#8221; type=&#8221;1_5&#8243;][\/et_pb_column][\/et_pb_row][\/et_pb_section]<\/p>\n","protected":false},"excerpt":{"rendered":"<p>1. Revisi\u00f3n de cuentas 2017-2018<br \/>\n2. Balance curso 2017-2018<br \/>\n     &#8211; Creaci\u00f3n de comisiones<br \/>\n     &#8211; Participaci\u00f3n FEAMT<br \/>\n     &#8211; Divulgaci\u00f3n de formaciones y ofertas de empleo<br \/>\n     &#8211; Curso de formaci\u00f3n : &#8220;Tu voz, MT Gest\u00e1ltica&#8221;: Evaluaci\u00f3n<br \/>\n3. Participaci\u00f3n soci@s en la asociaci\u00f3n: Balance 2017-2018 y nuevas propuestas<br \/>\n4. Ruegos y preguntas<\/p>\n","protected":false},"author":1,"featured_media":0,"parent":0,"menu_order":0,"comment_status":"closed","ping_status":"closed","template":"","meta":{"_et_pb_use_builder":"on","_et_pb_old_content":"<!-- wp:heading -->\n<h2>Asamblea General Ordinaria - 1 de julio de 2018<\/h2>\n<!-- \/wp:heading -->\n\n<!-- wp:paragraph -->\n<p>FECHA:&nbsp; 1 de Julio de 2018&nbsp;<\/p>\n<!-- \/wp:paragraph -->\n\n<!-- wp:paragraph -->\n<p>LUGAR: Palacio de Congresos Europa. Vitoria-Gasteiz.&nbsp;&nbsp;<\/p>\n<!-- \/wp:paragraph -->\n\n<!-- wp:paragraph -->\n<p>HORA: Comienzo a las 20:00 horas. Finalizaci\u00f3n a las 20:35.&nbsp;&nbsp;<\/p>\n<!-- \/wp:paragraph -->\n\n<!-- wp:paragraph -->\n<p>ASISTENTES: &nbsp;<\/p>\n<!-- \/wp:paragraph -->\n\n<!-- wp:paragraph -->\n<p>Carmen Angulo, Marta Nieto, Sandra Azcona, Jaione Oribe, Haizea Loira, \u00c1ngela de la Fuente,&nbsp; Ainara Moreno, Isabel Solana, Juanjo Pereda, Noem\u00ed Ribas, Sonia Suero, Mercedes Rodr\u00edguez, Teresa Fern\u00e1ndez, Elo\u00edsa Biurrum&nbsp;<\/p>\n<!-- \/wp:paragraph -->\n\n<!-- wp:paragraph -->\n<p>ORDEN DEL D\u00cdA&nbsp;<\/p>\n<!-- \/wp:paragraph -->\n\n<!-- wp:list {\"ordered\":true} -->\n<ol><li>Revisi\u00f3n de cuentas 2017-2018.&nbsp;&nbsp;<\/li><\/ol>\n<!-- \/wp:list -->\n\n<!-- wp:list {\"ordered\":true,\"start\":2} -->\n<ol start=\"2\"><li>Balance curso 2017-2018:&nbsp;<\/li><\/ol>\n<!-- \/wp:list -->\n\n<!-- wp:paragraph -->\n<p>* Creaci\u00f3n de comisiones: presentaci\u00f3n de la organizaci\u00f3n y de las acciones llevadas a cabo.&nbsp;&nbsp;<\/p>\n<!-- \/wp:paragraph -->\n\n<!-- wp:paragraph -->\n<p>\u202f * Participaci\u00f3n FEAMT: resumen de la situaci\u00f3n actual&nbsp;<\/p>\n<!-- \/wp:paragraph -->\n\n<!-- wp:paragraph -->\n<p>\u202f * Divulgaci\u00f3n de formaciones, ofertas de empleo, etc.&nbsp;<\/p>\n<!-- \/wp:paragraph -->\n\n<!-- wp:paragraph -->\n<p>\u202f * Curso formaci\u00f3n \u201cT\u00fa voz. MT Gest\u00e1ltica\u201d: evaluaci\u00f3n.&nbsp;&nbsp;<\/p>\n<!-- \/wp:paragraph -->\n\n<!-- wp:list {\"ordered\":true,\"start\":3} -->\n<ol start=\"3\"><li>Participaci\u00f3n de los socios en la asociaci\u00f3n: balance a\u00f1o 2017-2018 y propuestas para el futuro.&nbsp;&nbsp;<\/li><\/ol>\n<!-- \/wp:list -->\n\n<!-- wp:list {\"ordered\":true,\"start\":4} -->\n<ol start=\"4\"><li>Ruegos y preguntas&nbsp;<\/li><\/ol>\n<!-- \/wp:list -->\n\n<!-- wp:paragraph -->\n<p>DESARROLLO&nbsp;<\/p>\n<!-- \/wp:paragraph -->\n\n<!-- wp:list {\"ordered\":true} -->\n<ol><li>Revisi\u00f3n de cuentas 2017-2018.&nbsp;&nbsp;<\/li><\/ol>\n<!-- \/wp:list -->\n\n<!-- wp:paragraph -->\n<p>Sandra informa de que los ingresos obtenidos en el a\u00f1o 2017 son&nbsp;&nbsp;<\/p>\n<!-- \/wp:paragraph -->\n\n<!-- wp:list -->\n<ul><li>29 cuotas de socios: 348 euros.&nbsp;&nbsp;<\/li><li>Remanente del taller de Visi\u00f3n Empresarial de la Musicoterapia, 1.120\u20ac.&nbsp;<\/li><\/ul>\n<!-- \/wp:list -->\n\n<!-- wp:paragraph -->\n<p>Los \u00fanicos gastos son los correspondientes a la web, que ascienden a 185,71 euros (correspondientes a los a\u00f1os 2016 y 2017), 971\u20ac de gastos en relaci\u00f3n al taller de visi\u00f3n empresarial (cach\u00e9 del ponente y alquiler de sala) y 7,18\u20ac de comisiones bancarias.&nbsp;<\/p>\n<!-- \/wp:paragraph -->\n\n<!-- wp:paragraph -->\n<p>Se informa de que, debido a que AEIMTC es la encargada de llevar las cuentas de la FEAMT, en este momento hay ingresos y gastos que no se contabilizan como AEIMTC porque pertenecen a la Federaci\u00f3n.&nbsp;<\/p>\n<!-- \/wp:paragraph -->\n\n<!-- wp:paragraph -->\n<p>El balance total de cuentas es positivo en 304,11\u20ac. En este momento contamos con 592,11\u20ac euros en cuenta bancaria. Se env\u00eda el balance de cuentas 2017 como documento adjunto.&nbsp;<\/p>\n<!-- \/wp:paragraph -->\n\n<!-- wp:list {\"ordered\":true,\"start\":2} -->\n<ol start=\"2\"><li>Balance curso 2017-2018&nbsp;<\/li><\/ol>\n<!-- \/wp:list -->\n\n<!-- wp:list -->\n<ul><li>Comisiones: las dos comisiones creadas en la asamblea de curso pasado llevan activas desde entonces. Cada comisi\u00f3n expone el trabajo realizado.&nbsp;&nbsp;<\/li><li>Comisi\u00f3n comunicaci\u00f3n: se encargan de dinamizar web y redes sociales. Una de las finalidades es dar visibilidad a las actividades de los socios, por lo que se pide que cada socio se encargue en enviar las actividades realizadas (proyectos o talleres realizados, presencia y participaci\u00f3n congresos\u2026) a esta comisi\u00f3n. Se propone utilizar las RRSS para colgar una presentaci\u00f3n de cada socio y que sirva para darnos publicidad, para ellos se solicita que los socios puedan mandar una fotograf\u00eda acompa\u00f1ada de una breve descripci\u00f3n sobre su trabajo y \u00e1rea de especializaci\u00f3n.&nbsp;<\/li><li>Comisi\u00f3n formaci\u00f3n y buenas pr\u00e1cticas: este curso se han centrado en la formaci\u00f3n. Comentan que han echado en falta las propuestas de los socios a la hora de plantear formaciones. Se propon\u00edan formaciones en los siguientes campos: empresarial, vivencial, herramientas, poblaciones. Para este curso se ha optado por un taller vivencial:&nbsp; el taller de voz.&nbsp;&nbsp;<\/li><\/ul>\n<!-- \/wp:list -->\n\n<!-- wp:list -->\n<ul><li>Taller de voz. La evaluaci\u00f3n positiva, aunque hubo dificultades para sacarlo adelante debido a la falta de inscripciones. Se valora posititivamente contar con personas con otras perspectivas y filosof\u00eda.&nbsp;&nbsp;<\/li><li>Haizea pregunta por los intereses de los socios.&nbsp;&nbsp;<\/li><li>Mercedes pide formaci\u00f3n en neurorehabilitaci\u00f3n.&nbsp;&nbsp;<\/li><li>Se discute formato y precio del curso.&nbsp;<\/li><li>Marta llama a la participaci\u00f3n de los socios.&nbsp;&nbsp;<\/li><\/ul>\n<!-- \/wp:list -->\n\n<!-- wp:list -->\n<ul><li>Juanjo propone centrar nuestro trabajo pr\u00f3ximo en las buenas pr\u00e1cticas y \u00e9tica. Se plantea el crear un espacio para debatir y reflexionar sobre nuestro propio ejercicio profesional, compartir y promover redes de apoyo.&nbsp;&nbsp;<\/li><\/ul>\n<!-- \/wp:list -->\n\n<!-- wp:paragraph -->\n<p>ACUERDOS&nbsp;<\/p>\n<!-- \/wp:paragraph -->\n\n<!-- wp:list -->\n<ul><li>Se recuerda a los socios que los correos de las comisiones son:&nbsp;&nbsp;<\/li><\/ul>\n<!-- \/wp:list -->\n\n<!-- wp:paragraph -->\n<p><a href=\"mailto:formacion@aeimtc.es\" target=\"_blank\" rel=\"noreferrer noopener\">formacion@aeimtc.es<\/a>&nbsp;&nbsp;<\/p>\n<!-- \/wp:paragraph -->\n\n<!-- wp:paragraph -->\n<p><a href=\"http:\/\/about:blank\" target=\"_blank\" rel=\"noreferrer noopener\">comunicacion@aeimtc.es<\/a>&nbsp;<\/p>\n<!-- \/wp:paragraph -->\n\n<!-- wp:list -->\n<ul><li>Se enviar\u00e1 por e-mail la informaci\u00f3n referente a la FEAMT, ya que no ha habido tiempo para abordar este tema.&nbsp;&nbsp;<\/li><li>Se reflexionar\u00e1 sobre la posibilidad de realizar unas jornadas internas.&nbsp;&nbsp;<\/li><\/ul>\n<!-- \/wp:list -->","_et_gb_content_width":"2880","footnotes":""},"class_list":["post-285","page","type-page","status-publish","hentry"],"_links":{"self":[{"href":"https:\/\/aeimtc.es\/index.php\/wp-json\/wp\/v2\/pages\/285","targetHints":{"allow":["GET"]}}],"collection":[{"href":"https:\/\/aeimtc.es\/index.php\/wp-json\/wp\/v2\/pages"}],"about":[{"href":"https:\/\/aeimtc.es\/index.php\/wp-json\/wp\/v2\/types\/page"}],"author":[{"embeddable":true,"href":"https:\/\/aeimtc.es\/index.php\/wp-json\/wp\/v2\/users\/1"}],"replies":[{"embeddable":true,"href":"https:\/\/aeimtc.es\/index.php\/wp-json\/wp\/v2\/comments?post=285"}],"version-history":[{"count":9,"href":"https:\/\/aeimtc.es\/index.php\/wp-json\/wp\/v2\/pages\/285\/revisions"}],"predecessor-version":[{"id":604,"href":"https:\/\/aeimtc.es\/index.php\/wp-json\/wp\/v2\/pages\/285\/revisions\/604"}],"wp:attachment":[{"href":"https:\/\/aeimtc.es\/index.php\/wp-json\/wp\/v2\/media?parent=285"}],"curies":[{"name":"wp","href":"https:\/\/api.w.org\/{rel}","templated":true}]}}